{"id":6359,"date":"2022-06-09T04:17:33","date_gmt":"2022-06-08T21:17:33","guid":{"rendered":"https:\/\/dkrs.com.vn\/trang-chu\/"},"modified":"2025-12-12T13:27:52","modified_gmt":"2025-12-12T06:27:52","slug":"trang-chu","status":"publish","type":"page","link":"https:\/\/dkrs.com.vn\/en\/trang-chu\/","title":{"rendered":"Trang ch\u1ee7"},"content":{"rendered":"","protected":false},"excerpt":{"rendered":"","protected":false},"author":2,"featured_media":8118,"parent":0,"menu_order":0,"comment_status":"closed","ping_status":"closed","template":"templates\/home.php","meta":{"_acf_changed":false,"inline_featured_image":false,"footnotes":""},"class_list":["post-6359","page","type-page","status-publish","has-post-thumbnail"],"acf":[],"yoast_head":"<!-- This site is optimized with the Yoast SEO plugin v24.2 - https:\/\/yoast.com\/wordpress\/plugins\/seo\/ -->\n<title>Trang ch\u1ee7 | C\u00f4ng ty C\u1ed5 ph\u1ea7n D\u1ecbch v\u1ee5 B\u1ea5t \u0111\u1ed9ng s\u1ea3n Danh Kh\u00f4i - DKRS<\/title>\n<meta name=\"description\" content=\"C\u00f4ng ty C\u1ed5 ph\u1ea7n D\u1ecbch v\u1ee5 B\u1ea5t \u0111\u1ed9ng s\u1ea3n Danh Kh\u00f4i (DKRS) - S\u00e0n m\u00f4i gi\u1edbi B\u1ea5t \u0111\u1ed9ng s\u1ea3n l\u1edbn nh\u1ea5t t\u1ea1i TPHCM, l\u00e0 c\u00f4ng ty ph\u00e2n ph\u1ed1i b\u1ea5t \u0111\u1ed9ng s\u1ea3n h\u00e0ng \u0111\u1ea7u. Hotline 1900.2663\" \/>\n<meta name=\"robots\" content=\"index, follow, max-snippet:-1, max-image-preview:large, max-video-preview:-1\" \/>\n<link rel=\"canonical\" href=\"https:\/\/dkrs.com.vn\/en\/trang-chu\/\" \/>\n<meta property=\"og:locale\" content=\"en_US\" \/>\n<meta property=\"og:type\" content=\"article\" \/>\n<meta property=\"og:title\" content=\"Trang ch\u1ee7 | C\u00f4ng ty C\u1ed5 ph\u1ea7n D\u1ecbch v\u1ee5 B\u1ea5t \u0111\u1ed9ng s\u1ea3n Danh Kh\u00f4i - DKRS\" \/>\n<meta property=\"og:description\" content=\"C\u00f4ng ty C\u1ed5 ph\u1ea7n D\u1ecbch v\u1ee5 B\u1ea5t \u0111\u1ed9ng s\u1ea3n Danh Kh\u00f4i (DKRS) - S\u00e0n m\u00f4i gi\u1edbi B\u1ea5t \u0111\u1ed9ng s\u1ea3n l\u1edbn nh\u1ea5t t\u1ea1i TPHCM, l\u00e0 c\u00f4ng ty ph\u00e2n ph\u1ed1i b\u1ea5t \u0111\u1ed9ng s\u1ea3n h\u00e0ng \u0111\u1ea7u. Hotline 1900.2663\" \/>\n<meta property=\"og:url\" content=\"https:\/\/dkrs.com.vn\/en\/trang-chu\/\" \/>\n<meta property=\"og:site_name\" content=\"DKRS\" \/>\n<meta property=\"article:modified_time\" content=\"2025-12-12T06:27:52+00:00\" \/>\n<meta property=\"og:image\" content=\"https:\/\/dkrs.com.vn\/wp-content\/uploads\/2022\/11\/Hinh-dai-dien.png\" \/>\n\t<meta property=\"og:image:width\" content=\"600\" \/>\n\t<meta property=\"og:image:height\" content=\"400\" \/>\n\t<meta property=\"og:image:type\" content=\"image\/png\" \/>\n<meta name=\"twitter:card\" content=\"summary_large_image\" \/>\n<meta name=\"twitter:label1\" content=\"Est. reading time\" \/>\n\t<meta name=\"twitter:data1\" content=\"17 minutes\" \/>\n<script type=\"application\/ld+json\" class=\"yoast-schema-graph\">{\"@context\":\"https:\/\/schema.org\",\"@graph\":[{\"@type\":\"WebPage\",\"@id\":\"https:\/\/dkrs.com.vn\/en\/trang-chu\/\",\"url\":\"https:\/\/dkrs.com.vn\/en\/trang-chu\/\",\"name\":\"Trang ch\u1ee7 | C\u00f4ng ty C\u1ed5 ph\u1ea7n D\u1ecbch v\u1ee5 B\u1ea5t \u0111\u1ed9ng s\u1ea3n Danh Kh\u00f4i - DKRS\",\"isPartOf\":{\"@id\":\"https:\/\/dkrs.com.vn\/#website\"},\"primaryImageOfPage\":{\"@id\":\"https:\/\/dkrs.com.vn\/en\/trang-chu\/#primaryimage\"},\"image\":{\"@id\":\"https:\/\/dkrs.com.vn\/en\/trang-chu\/#primaryimage\"},\"thumbnailUrl\":\"https:\/\/dkrs.com.vn\/wp-content\/uploads\/2022\/11\/Hinh-dai-dien.png\",\"datePublished\":\"2022-06-08T21:17:33+00:00\",\"dateModified\":\"2025-12-12T06:27:52+00:00\",\"description\":\"C\u00f4ng ty C\u1ed5 ph\u1ea7n D\u1ecbch v\u1ee5 B\u1ea5t \u0111\u1ed9ng s\u1ea3n Danh Kh\u00f4i (DKRS) - S\u00e0n m\u00f4i gi\u1edbi B\u1ea5t \u0111\u1ed9ng s\u1ea3n l\u1edbn nh\u1ea5t t\u1ea1i TPHCM, l\u00e0 c\u00f4ng ty ph\u00e2n ph\u1ed1i b\u1ea5t \u0111\u1ed9ng s\u1ea3n h\u00e0ng \u0111\u1ea7u. Hotline 1900.2663\",\"breadcrumb\":{\"@id\":\"https:\/\/dkrs.com.vn\/en\/trang-chu\/#breadcrumb\"},\"inLanguage\":\"en\",\"potentialAction\":[{\"@type\":\"ReadAction\",\"target\":[\"https:\/\/dkrs.com.vn\/en\/trang-chu\/\"]}]},{\"@type\":\"ImageObject\",\"inLanguage\":\"en\",\"@id\":\"https:\/\/dkrs.com.vn\/en\/trang-chu\/#primaryimage\",\"url\":\"https:\/\/dkrs.com.vn\/wp-content\/uploads\/2022\/11\/Hinh-dai-dien.png\",\"contentUrl\":\"https:\/\/dkrs.com.vn\/wp-content\/uploads\/2022\/11\/Hinh-dai-dien.png\",\"width\":600,\"height\":400},{\"@type\":\"BreadcrumbList\",\"@id\":\"https:\/\/dkrs.com.vn\/en\/trang-chu\/#breadcrumb\",\"itemListElement\":[{\"@type\":\"ListItem\",\"position\":1,\"name\":\"Home\",\"item\":\"https:\/\/dkrs.com.vn\/en\/\"},{\"@type\":\"ListItem\",\"position\":2,\"name\":\"Trang ch\u1ee7\"}]},{\"@type\":\"WebSite\",\"@id\":\"https:\/\/dkrs.com.vn\/#website\",\"url\":\"https:\/\/dkrs.com.vn\/\",\"name\":\"DKRS\",\"description\":\"C\u00f4ng ty C\u1ed5 ph\u1ea7n D\u1ecbch v\u1ee5 B\u1ea5t \u0111\u1ed9ng s\u1ea3n Danh Kh\u00f4i\",\"publisher\":{\"@id\":\"https:\/\/dkrs.com.vn\/#organization\"},\"potentialAction\":[{\"@type\":\"SearchAction\",\"target\":{\"@type\":\"EntryPoint\",\"urlTemplate\":\"https:\/\/dkrs.com.vn\/?s={search_term_string}\"},\"query-input\":{\"@type\":\"PropertyValueSpecification\",\"valueRequired\":true,\"valueName\":\"search_term_string\"}}],\"inLanguage\":\"en\"},{\"@type\":\"Organization\",\"@id\":\"https:\/\/dkrs.com.vn\/#organization\",\"name\":\"DKRS\",\"url\":\"https:\/\/dkrs.com.vn\/\",\"logo\":{\"@type\":\"ImageObject\",\"inLanguage\":\"en\",\"@id\":\"https:\/\/dkrs.com.vn\/#\/schema\/logo\/image\/\",\"url\":\"https:\/\/dkrs.com.vn\/wp-content\/uploads\/2022\/06\/logo-2.svg\",\"contentUrl\":\"https:\/\/dkrs.com.vn\/wp-content\/uploads\/2022\/06\/logo-2.svg\",\"caption\":\"DKRS\"},\"image\":{\"@id\":\"https:\/\/dkrs.com.vn\/#\/schema\/logo\/image\/\"}}]}<\/script>\n<!-- \/ Yoast SEO plugin. -->","yoast_head_json":{"title":"Trang ch\u1ee7 | C\u00f4ng ty C\u1ed5 ph\u1ea7n D\u1ecbch v\u1ee5 B\u1ea5t \u0111\u1ed9ng s\u1ea3n Danh Kh\u00f4i - DKRS","description":"C\u00f4ng ty C\u1ed5 ph\u1ea7n D\u1ecbch v\u1ee5 B\u1ea5t \u0111\u1ed9ng s\u1ea3n Danh Kh\u00f4i (DKRS) - S\u00e0n m\u00f4i gi\u1edbi B\u1ea5t \u0111\u1ed9ng s\u1ea3n l\u1edbn nh\u1ea5t t\u1ea1i TPHCM, l\u00e0 c\u00f4ng ty ph\u00e2n ph\u1ed1i b\u1ea5t \u0111\u1ed9ng s\u1ea3n h\u00e0ng \u0111\u1ea7u. Hotline 1900.2663","robots":{"index":"index","follow":"follow","max-snippet":"max-snippet:-1","max-image-preview":"max-image-preview:large","max-video-preview":"max-video-preview:-1"},"canonical":"https:\/\/dkrs.com.vn\/en\/trang-chu\/","og_locale":"en_US","og_type":"article","og_title":"Trang ch\u1ee7 | C\u00f4ng ty C\u1ed5 ph\u1ea7n D\u1ecbch v\u1ee5 B\u1ea5t \u0111\u1ed9ng s\u1ea3n Danh Kh\u00f4i - DKRS","og_description":"C\u00f4ng ty C\u1ed5 ph\u1ea7n D\u1ecbch v\u1ee5 B\u1ea5t \u0111\u1ed9ng s\u1ea3n Danh Kh\u00f4i (DKRS) - S\u00e0n m\u00f4i gi\u1edbi B\u1ea5t \u0111\u1ed9ng s\u1ea3n l\u1edbn nh\u1ea5t t\u1ea1i TPHCM, l\u00e0 c\u00f4ng ty ph\u00e2n ph\u1ed1i b\u1ea5t \u0111\u1ed9ng s\u1ea3n h\u00e0ng \u0111\u1ea7u. Hotline 1900.2663","og_url":"https:\/\/dkrs.com.vn\/en\/trang-chu\/","og_site_name":"DKRS","article_modified_time":"2025-12-12T06:27:52+00:00","og_image":[{"width":600,"height":400,"url":"https:\/\/dkrs.com.vn\/wp-content\/uploads\/2022\/11\/Hinh-dai-dien.png","type":"image\/png"}],"twitter_card":"summary_large_image","twitter_misc":{"Est. reading time":"17 minutes"},"schema":{"@context":"https:\/\/schema.org","@graph":[{"@type":"WebPage","@id":"https:\/\/dkrs.com.vn\/en\/trang-chu\/","url":"https:\/\/dkrs.com.vn\/en\/trang-chu\/","name":"Trang ch\u1ee7 | C\u00f4ng ty C\u1ed5 ph\u1ea7n D\u1ecbch v\u1ee5 B\u1ea5t \u0111\u1ed9ng s\u1ea3n Danh Kh\u00f4i - DKRS","isPartOf":{"@id":"https:\/\/dkrs.com.vn\/#website"},"primaryImageOfPage":{"@id":"https:\/\/dkrs.com.vn\/en\/trang-chu\/#primaryimage"},"image":{"@id":"https:\/\/dkrs.com.vn\/en\/trang-chu\/#primaryimage"},"thumbnailUrl":"https:\/\/dkrs.com.vn\/wp-content\/uploads\/2022\/11\/Hinh-dai-dien.png","datePublished":"2022-06-08T21:17:33+00:00","dateModified":"2025-12-12T06:27:52+00:00","description":"C\u00f4ng ty C\u1ed5 ph\u1ea7n D\u1ecbch v\u1ee5 B\u1ea5t \u0111\u1ed9ng s\u1ea3n Danh Kh\u00f4i (DKRS) - S\u00e0n m\u00f4i gi\u1edbi B\u1ea5t \u0111\u1ed9ng s\u1ea3n l\u1edbn nh\u1ea5t t\u1ea1i TPHCM, l\u00e0 c\u00f4ng ty ph\u00e2n ph\u1ed1i b\u1ea5t \u0111\u1ed9ng s\u1ea3n h\u00e0ng \u0111\u1ea7u. Hotline 1900.2663","breadcrumb":{"@id":"https:\/\/dkrs.com.vn\/en\/trang-chu\/#breadcrumb"},"inLanguage":"en","potentialAction":[{"@type":"ReadAction","target":["https:\/\/dkrs.com.vn\/en\/trang-chu\/"]}]},{"@type":"ImageObject","inLanguage":"en","@id":"https:\/\/dkrs.com.vn\/en\/trang-chu\/#primaryimage","url":"https:\/\/dkrs.com.vn\/wp-content\/uploads\/2022\/11\/Hinh-dai-dien.png","contentUrl":"https:\/\/dkrs.com.vn\/wp-content\/uploads\/2022\/11\/Hinh-dai-dien.png","width":600,"height":400},{"@type":"BreadcrumbList","@id":"https:\/\/dkrs.com.vn\/en\/trang-chu\/#breadcrumb","itemListElement":[{"@type":"ListItem","position":1,"name":"Home","item":"https:\/\/dkrs.com.vn\/en\/"},{"@type":"ListItem","position":2,"name":"Trang ch\u1ee7"}]},{"@type":"WebSite","@id":"https:\/\/dkrs.com.vn\/#website","url":"https:\/\/dkrs.com.vn\/","name":"DKRS","description":"C\u00f4ng ty C\u1ed5 ph\u1ea7n D\u1ecbch v\u1ee5 B\u1ea5t \u0111\u1ed9ng s\u1ea3n Danh Kh\u00f4i","publisher":{"@id":"https:\/\/dkrs.com.vn\/#organization"},"potentialAction":[{"@type":"SearchAction","target":{"@type":"EntryPoint","urlTemplate":"https:\/\/dkrs.com.vn\/?s={search_term_string}"},"query-input":{"@type":"PropertyValueSpecification","valueRequired":true,"valueName":"search_term_string"}}],"inLanguage":"en"},{"@type":"Organization","@id":"https:\/\/dkrs.com.vn\/#organization","name":"DKRS","url":"https:\/\/dkrs.com.vn\/","logo":{"@type":"ImageObject","inLanguage":"en","@id":"https:\/\/dkrs.com.vn\/#\/schema\/logo\/image\/","url":"https:\/\/dkrs.com.vn\/wp-content\/uploads\/2022\/06\/logo-2.svg","contentUrl":"https:\/\/dkrs.com.vn\/wp-content\/uploads\/2022\/06\/logo-2.svg","caption":"DKRS"},"image":{"@id":"https:\/\/dkrs.com.vn\/#\/schema\/logo\/image\/"}}]}},"_links":{"self":[{"href":"https:\/\/dkrs.com.vn\/en\/wp-json\/wp\/v2\/pages\/6359","targetHints":{"allow":["GET"]}}],"collection":[{"href":"https:\/\/dkrs.com.vn\/en\/wp-json\/wp\/v2\/pages"}],"about":[{"href":"https:\/\/dkrs.com.vn\/en\/wp-json\/wp\/v2\/types\/page"}],"author":[{"embeddable":true,"href":"https:\/\/dkrs.com.vn\/en\/wp-json\/wp\/v2\/users\/2"}],"replies":[{"embeddable":true,"href":"https:\/\/dkrs.com.vn\/en\/wp-json\/wp\/v2\/comments?post=6359"}],"version-history":[{"count":81,"href":"https:\/\/dkrs.com.vn\/en\/wp-json\/wp\/v2\/pages\/6359\/revisions"}],"predecessor-version":[{"id":31358,"href":"https:\/\/dkrs.com.vn\/en\/wp-json\/wp\/v2\/pages\/6359\/revisions\/31358"}],"wp:featuredmedia":[{"embeddable":true,"href":"https:\/\/dkrs.com.vn\/en\/wp-json\/wp\/v2\/media\/8118"}],"wp:attachment":[{"href":"https:\/\/dkrs.com.vn\/en\/wp-json\/wp\/v2\/media?parent=6359"}],"curies":[{"name":"wp","href":"https:\/\/api.w.org\/{rel}","templated":true}]}}